{"id":1367,"date":"2016-02-12T07:54:41","date_gmt":"2016-02-12T07:54:41","guid":{"rendered":"http:\/\/demos.famethemes.com\/onepress\/?page_id=4"},"modified":"2021-01-12T16:34:46","modified_gmt":"2021-01-12T16:34:46","slug":"home-2","status":"publish","type":"page","link":"https:\/\/institutopedagogicojeromebruner.edu.mx\/","title":{"rendered":"Home"},"content":{"rendered":"\n<p class=\"has-white-color has-text-color\"><strong>El Instituto Pedag\u00f3gico \u201cJEROME BRUNER\u201d, <u>te ofrece:<\/u><\/strong><\/p>\n\n\n\n<p class=\"has-white-color has-text-color\"><strong>Educaci\u00f3n Secundaria de calidad<\/strong>, con el <strong>Nuevo Modelo Educativo Plan de Estudios 2017<\/strong>, centrado en los aprendizajes clave, desarrollo de habilidades socioemocionales, pensamiento cr\u00edtico y reflexivo. Inform\u00e1tica, Clubes: Ciencias y Futbol Soccer, Ingl\u00e9s, Espa\u00f1ol (comprensi\u00f3n lectora), Matem\u00e1ticas Aplicadas y todas las <strong>asignaturas con Entornos Virtuales de Aprendizaje,<\/strong> <strong>utilizando las nuevas tecnolog\u00edas (Tics<\/strong>), aplicadas a la Educaci\u00f3n y el desarrollo de habilidades del pensamiento.&nbsp;<\/p>\n\n\n\n<figure class=\"wp-block-image size-large\"><img loading=\"lazy\" width=\"1019\" height=\"1024\" src=\"https:\/\/institutopedagogicojeromebruner.edu.mx\/wp-content\/uploads\/2021\/01\/logo-fondo-transparente-1-1019x1024.png\" alt=\"\" class=\"wp-image-1508\" srcset=\"https:\/\/institutopedagogicojeromebruner.edu.mx\/wp-content\/uploads\/2021\/01\/logo-fondo-transparente-1-1019x1024.png 1019w, https:\/\/institutopedagogicojeromebruner.edu.mx\/wp-content\/uploads\/2021\/01\/logo-fondo-transparente-1-300x300.png 300w, https:\/\/institutopedagogicojeromebruner.edu.mx\/wp-content\/uploads\/2021\/01\/logo-fondo-transparente-1-150x150.png 150w, https:\/\/institutopedagogicojeromebruner.edu.mx\/wp-content\/uploads\/2021\/01\/logo-fondo-transparente-1-768x772.png 768w, https:\/\/institutopedagogicojeromebruner.edu.mx\/wp-content\/uploads\/2021\/01\/logo-fondo-transparente-1-1528x1536.png 1528w, https:\/\/institutopedagogicojeromebruner.edu.mx\/wp-content\/uploads\/2021\/01\/logo-fondo-transparente-1-100x100.png 100w, https:\/\/institutopedagogicojeromebruner.edu.mx\/wp-content\/uploads\/2021\/01\/logo-fondo-transparente-1.png 1825w\" sizes=\"(max-width: 767px) 89vw, (max-width: 1000px) 54vw, (max-width: 1071px) 543px, 580px\" \/><\/figure>\n","protected":false},"excerpt":{"rendered":"<p>El Instituto Pedag\u00f3gico \u201cJEROME BRUNER\u201d, te ofrece: Educaci\u00f3n Secundaria de calidad, con el Nuevo Modelo Educativo Plan de Estudios 2017, centrado en los aprendizajes clave, desarrollo de habilidades socioemocionales, pensamiento cr\u00edtico y reflexivo. Inform\u00e1tica, Clubes: Ciencias y Futbol Soccer, Ingl\u00e9s, Espa\u00f1ol (comprensi\u00f3n lectora), Matem\u00e1ticas Aplicadas y todas las asignaturas con Entornos Virtuales de Aprendizaje, utilizando &hellip; <\/p>\n<p class=\"link-more\"><a href=\"https:\/\/institutopedagogicojeromebruner.edu.mx\/\" class=\"more-link\">Continuar leyendo<span class=\"screen-reader-text\"> \u00abHome\u00bb<\/span><\/a><\/p>\n","protected":false},"author":2,"featured_media":0,"parent":0,"menu_order":0,"comment_status":"closed","ping_status":"closed","template":"","meta":[],"yoast_head":"<!-- This site is optimized with the Yoast SEO plugin v18.4.1 - https:\/\/yoast.com\/wordpress\/plugins\/seo\/ -->\n<title>Instituto Pedag\u00f3gico &quot;Jerome Bruner&quot; - Instituto Pedag\u00f3gico &quot;Jerome Bruner&quot;<\/title>\n<meta name=\"description\" content=\"Niveles educativos de Secundaria y Bachillerato Instituto Pedag\u00f3gico &quot;Jerome Bruner&quot; EDUCACI\u00d3N PARTICULAR DE CALIDAD SECUNDARIA - BACHILLERATO\" \/>\n<meta name=\"robots\" content=\"index, follow, max-snippet:-1, max-image-preview:large, max-video-preview:-1\" \/>\n<link rel=\"canonical\" href=\"https:\/\/institutopedagogicojeromebruner.edu.mx\/\" \/>\n<meta property=\"og:locale\" content=\"es_ES\" \/>\n<meta property=\"og:type\" content=\"article\" \/>\n<meta property=\"og:title\" content=\"Instituto Pedag\u00f3gico &quot;Jerome Bruner&quot; - Instituto Pedag\u00f3gico &quot;Jerome Bruner&quot;\" \/>\n<meta property=\"og:description\" content=\"Niveles educativos de Secundaria y Bachillerato Instituto Pedag\u00f3gico &quot;Jerome Bruner&quot; EDUCACI\u00d3N PARTICULAR DE CALIDAD SECUNDARIA - BACHILLERATO\" \/>\n<meta property=\"og:url\" content=\"https:\/\/institutopedagogicojeromebruner.edu.mx\/\" \/>\n<meta property=\"og:site_name\" content=\"Instituto Pedag\u00f3gico &quot;Jerome Bruner&quot;\" \/>\n<meta property=\"article:modified_time\" content=\"2021-01-12T16:34:46+00:00\" \/>\n<meta property=\"og:image\" content=\"https:\/\/institutopedagogicojeromebruner.edu.mx\/wp-content\/uploads\/2021\/01\/logo-fondo-transparente-1-1019x1024.png\" \/>\n<meta name=\"twitter:card\" content=\"summary_large_image\" \/>\n<meta name=\"twitter:label1\" content=\"Tiempo de lectura\" \/>\n\t<meta name=\"twitter:data1\" content=\"1 minuto\" \/>\n<script type=\"application\/ld+json\" class=\"yoast-schema-graph\">{\"@context\":\"https:\/\/schema.org\",\"@graph\":[{\"@type\":\"Organization\",\"@id\":\"https:\/\/institutopedagogicojeromebruner.edu.mx\/#organization\",\"name\":\"INSTITUTO PEDAG\u00d3GICO JEROME BRUNER\",\"url\":\"https:\/\/institutopedagogicojeromebruner.edu.mx\/\",\"sameAs\":[],\"logo\":{\"@type\":\"ImageObject\",\"@id\":\"https:\/\/institutopedagogicojeromebruner.edu.mx\/#logo\",\"inLanguage\":\"es\",\"url\":\"https:\/\/institutopedagogicojeromebruner.edu.mx\/wp-content\/uploads\/2021\/01\/logo-fondo-transparente.png\",\"contentUrl\":\"https:\/\/institutopedagogicojeromebruner.edu.mx\/wp-content\/uploads\/2021\/01\/logo-fondo-transparente.png\",\"width\":1825,\"height\":1834,\"caption\":\"INSTITUTO PEDAG\u00d3GICO JEROME BRUNER\"},\"image\":{\"@id\":\"https:\/\/institutopedagogicojeromebruner.edu.mx\/#logo\"}},{\"@type\":\"WebSite\",\"@id\":\"https:\/\/institutopedagogicojeromebruner.edu.mx\/#website\",\"url\":\"https:\/\/institutopedagogicojeromebruner.edu.mx\/\",\"name\":\"Instituto Pedag\u00f3gico &quot;Jerome Bruner&quot;\",\"description\":\"EDUCACI\u00d3N PARTICULAR DE CALIDAD  SECUNDARIA - BACHILLERATO\",\"publisher\":{\"@id\":\"https:\/\/institutopedagogicojeromebruner.edu.mx\/#organization\"},\"potentialAction\":[{\"@type\":\"SearchAction\",\"target\":{\"@type\":\"EntryPoint\",\"urlTemplate\":\"https:\/\/institutopedagogicojeromebruner.edu.mx\/?s={search_term_string}\"},\"query-input\":\"required name=search_term_string\"}],\"inLanguage\":\"es\"},{\"@type\":\"ImageObject\",\"@id\":\"https:\/\/institutopedagogicojeromebruner.edu.mx\/#primaryimage\",\"inLanguage\":\"es\",\"url\":\"https:\/\/institutopedagogicojeromebruner.edu.mx\/wp-content\/uploads\/2021\/01\/logo-fondo-transparente-1.png\",\"contentUrl\":\"https:\/\/institutopedagogicojeromebruner.edu.mx\/wp-content\/uploads\/2021\/01\/logo-fondo-transparente-1.png\",\"width\":1825,\"height\":1834},{\"@type\":\"WebPage\",\"@id\":\"https:\/\/institutopedagogicojeromebruner.edu.mx\/#webpage\",\"url\":\"https:\/\/institutopedagogicojeromebruner.edu.mx\/\",\"name\":\"Instituto Pedag\u00f3gico &quot;Jerome Bruner&quot; - Instituto Pedag\u00f3gico &quot;Jerome Bruner&quot;\",\"isPartOf\":{\"@id\":\"https:\/\/institutopedagogicojeromebruner.edu.mx\/#website\"},\"primaryImageOfPage\":{\"@id\":\"https:\/\/institutopedagogicojeromebruner.edu.mx\/#primaryimage\"},\"datePublished\":\"2016-02-12T07:54:41+00:00\",\"dateModified\":\"2021-01-12T16:34:46+00:00\",\"description\":\"Niveles educativos de Secundaria y Bachillerato Instituto Pedag\u00f3gico &quot;Jerome Bruner&quot; EDUCACI\u00d3N PARTICULAR DE CALIDAD SECUNDARIA - BACHILLERATO\",\"breadcrumb\":{\"@id\":\"https:\/\/institutopedagogicojeromebruner.edu.mx\/#breadcrumb\"},\"inLanguage\":\"es\",\"potentialAction\":[{\"@type\":\"ReadAction\",\"target\":[\"https:\/\/institutopedagogicojeromebruner.edu.mx\/\"]}]},{\"@type\":\"BreadcrumbList\",\"@id\":\"https:\/\/institutopedagogicojeromebruner.edu.mx\/#breadcrumb\",\"itemListElement\":[{\"@type\":\"ListItem\",\"position\":1,\"name\":\"Home\",\"item\":\"https:\/\/institutopedagogicojeromebruner.edu.mx\/\"},{\"@type\":\"ListItem\",\"position\":2,\"name\":\"Home\"}]}]}<\/script>\n<!-- \/ Yoast SEO plugin. -->","yoast_head_json":{"title":"Instituto Pedag\u00f3gico &quot;Jerome Bruner&quot; - Instituto Pedag\u00f3gico &quot;Jerome Bruner&quot;","description":"Niveles educativos de Secundaria y Bachillerato Instituto Pedag\u00f3gico &quot;Jerome Bruner&quot; EDUCACI\u00d3N PARTICULAR DE CALIDAD SECUNDARIA - BACHILLERATO","robots":{"index":"index","follow":"follow","max-snippet":"max-snippet:-1","max-image-preview":"max-image-preview:large","max-video-preview":"max-video-preview:-1"},"canonical":"https:\/\/institutopedagogicojeromebruner.edu.mx\/","og_locale":"es_ES","og_type":"article","og_title":"Instituto Pedag\u00f3gico &quot;Jerome Bruner&quot; - Instituto Pedag\u00f3gico &quot;Jerome Bruner&quot;","og_description":"Niveles educativos de Secundaria y Bachillerato Instituto Pedag\u00f3gico &quot;Jerome Bruner&quot; EDUCACI\u00d3N PARTICULAR DE CALIDAD SECUNDARIA - BACHILLERATO","og_url":"https:\/\/institutopedagogicojeromebruner.edu.mx\/","og_site_name":"Instituto Pedag\u00f3gico &quot;Jerome Bruner&quot;","article_modified_time":"2021-01-12T16:34:46+00:00","og_image":[{"url":"https:\/\/institutopedagogicojeromebruner.edu.mx\/wp-content\/uploads\/2021\/01\/logo-fondo-transparente-1-1019x1024.png"}],"twitter_card":"summary_large_image","twitter_misc":{"Tiempo de lectura":"1 minuto"},"schema":{"@context":"https:\/\/schema.org","@graph":[{"@type":"Organization","@id":"https:\/\/institutopedagogicojeromebruner.edu.mx\/#organization","name":"INSTITUTO PEDAG\u00d3GICO JEROME BRUNER","url":"https:\/\/institutopedagogicojeromebruner.edu.mx\/","sameAs":[],"logo":{"@type":"ImageObject","@id":"https:\/\/institutopedagogicojeromebruner.edu.mx\/#logo","inLanguage":"es","url":"https:\/\/institutopedagogicojeromebruner.edu.mx\/wp-content\/uploads\/2021\/01\/logo-fondo-transparente.png","contentUrl":"https:\/\/institutopedagogicojeromebruner.edu.mx\/wp-content\/uploads\/2021\/01\/logo-fondo-transparente.png","width":1825,"height":1834,"caption":"INSTITUTO PEDAG\u00d3GICO JEROME BRUNER"},"image":{"@id":"https:\/\/institutopedagogicojeromebruner.edu.mx\/#logo"}},{"@type":"WebSite","@id":"https:\/\/institutopedagogicojeromebruner.edu.mx\/#website","url":"https:\/\/institutopedagogicojeromebruner.edu.mx\/","name":"Instituto Pedag\u00f3gico &quot;Jerome Bruner&quot;","description":"EDUCACI\u00d3N PARTICULAR DE CALIDAD  SECUNDARIA - BACHILLERATO","publisher":{"@id":"https:\/\/institutopedagogicojeromebruner.edu.mx\/#organization"},"potentialAction":[{"@type":"SearchAction","target":{"@type":"EntryPoint","urlTemplate":"https:\/\/institutopedagogicojeromebruner.edu.mx\/?s={search_term_string}"},"query-input":"required name=search_term_string"}],"inLanguage":"es"},{"@type":"ImageObject","@id":"https:\/\/institutopedagogicojeromebruner.edu.mx\/#primaryimage","inLanguage":"es","url":"https:\/\/institutopedagogicojeromebruner.edu.mx\/wp-content\/uploads\/2021\/01\/logo-fondo-transparente-1.png","contentUrl":"https:\/\/institutopedagogicojeromebruner.edu.mx\/wp-content\/uploads\/2021\/01\/logo-fondo-transparente-1.png","width":1825,"height":1834},{"@type":"WebPage","@id":"https:\/\/institutopedagogicojeromebruner.edu.mx\/#webpage","url":"https:\/\/institutopedagogicojeromebruner.edu.mx\/","name":"Instituto Pedag\u00f3gico &quot;Jerome Bruner&quot; - Instituto Pedag\u00f3gico &quot;Jerome Bruner&quot;","isPartOf":{"@id":"https:\/\/institutopedagogicojeromebruner.edu.mx\/#website"},"primaryImageOfPage":{"@id":"https:\/\/institutopedagogicojeromebruner.edu.mx\/#primaryimage"},"datePublished":"2016-02-12T07:54:41+00:00","dateModified":"2021-01-12T16:34:46+00:00","description":"Niveles educativos de Secundaria y Bachillerato Instituto Pedag\u00f3gico &quot;Jerome Bruner&quot; EDUCACI\u00d3N PARTICULAR DE CALIDAD SECUNDARIA - BACHILLERATO","breadcrumb":{"@id":"https:\/\/institutopedagogicojeromebruner.edu.mx\/#breadcrumb"},"inLanguage":"es","potentialAction":[{"@type":"ReadAction","target":["https:\/\/institutopedagogicojeromebruner.edu.mx\/"]}]},{"@type":"BreadcrumbList","@id":"https:\/\/institutopedagogicojeromebruner.edu.mx\/#breadcrumb","itemListElement":[{"@type":"ListItem","position":1,"name":"Home","item":"https:\/\/institutopedagogicojeromebruner.edu.mx\/"},{"@type":"ListItem","position":2,"name":"Home"}]}]}},"_links":{"self":[{"href":"https:\/\/institutopedagogicojeromebruner.edu.mx\/index.php?rest_route=\/wp\/v2\/pages\/1367"}],"collection":[{"href":"https:\/\/institutopedagogicojeromebruner.edu.mx\/index.php?rest_route=\/wp\/v2\/pages"}],"about":[{"href":"https:\/\/institutopedagogicojeromebruner.edu.mx\/index.php?rest_route=\/wp\/v2\/types\/page"}],"author":[{"embeddable":true,"href":"https:\/\/institutopedagogicojeromebruner.edu.mx\/index.php?rest_route=\/wp\/v2\/users\/2"}],"replies":[{"embeddable":true,"href":"https:\/\/institutopedagogicojeromebruner.edu.mx\/index.php?rest_route=%2Fwp%2Fv2%2Fcomments&post=1367"}],"version-history":[{"count":3,"href":"https:\/\/institutopedagogicojeromebruner.edu.mx\/index.php?rest_route=\/wp\/v2\/pages\/1367\/revisions"}],"predecessor-version":[{"id":1510,"href":"https:\/\/institutopedagogicojeromebruner.edu.mx\/index.php?rest_route=\/wp\/v2\/pages\/1367\/revisions\/1510"}],"wp:attachment":[{"href":"https:\/\/institutopedagogicojeromebruner.edu.mx\/index.php?rest_route=%2Fwp%2Fv2%2Fmedia&parent=1367"}],"curies":[{"name":"wp","href":"https:\/\/api.w.org\/{rel}","templated":true}]}}